{"id":92,"date":"2021-12-03T16:32:09","date_gmt":"2021-12-03T16:32:09","guid":{"rendered":"https:\/\/websitebuilder-demo.net\/eladio\/?page_id=92"},"modified":"2026-04-06T21:20:30","modified_gmt":"2026-04-06T21:20:30","slug":"showreel","status":"publish","type":"page","link":"https:\/\/inspiranimation.com\/es\/showreel","title":{"rendered":"Demoreel"},"content":{"rendered":"<div class=\"brz brz-root__container brz-reset-all brz-root__container-page\">\n<section id=\"gh78WpYoeaMR_gh78WpYoeaMR\" class=\"brz-section brz-css-d-section brz-css-4lmf1r\">\n<div class=\"brz-section__content brz-section--boxed brz-css-d-sectionitem-bg brz-css-vfpzel\" data-brz-custom-id=\"vOFGzk7BsfNg\">\n<div class=\"brz-bg\">\n<div class=\"brz-bg-color\"><\/div>\n<\/div>\n<div class=\"brz-container brz-css-d-sectionitem-container brz-css-9xnttu\">\n<div id=\"\" class=\"brz-css-d-wrapper brz-css-7d8ycb brz-wrapper\">\n<div class=\"brz-video brz-vimeo-video brz-video-on-controls-hidden brz-css-d-video\" data-brz-custom-id=\"hsOAtfUcWj0I\">\n<div class=\"brz-video-content\" data-loop=\"false\" data-muted=\"false\" data-autoplay=\"off\">\n<div class=\"video-wrapper brz-image-fix-16-9\">\n<div class=\"brz-video-data brz-hidden\" data-src=\"https:\/\/player.vimeo.com\/video\/1138820863?autoplay=0&amp;background=0&amp;title=1&amp;byline=1&amp;badge=false&amp;autopause=false&amp;portrait=1&amp;controls=1&amp;loop=0&amp;muted=0#t=0s\" data-population=\"\" data-controls=\"true\" data-branding=\"true\" data-intro=\"true\" data-start=\"0\" data-end=\"0\" data-loop=\"false\" data-autoplay=\"off\"><\/div>\n<\/div>\n<\/div>\n<\/div>\n<\/div>\n<\/div>\n<\/div>\n<\/section>\n<section id=\"a00daff247b616cd9c80_qHbBpXkamoJF\" class=\"brz-section brz-css-1gek5zo brz-css-3ehpv2\">\n<div class=\"brz-section__content brz-section--boxed brz-css-1c5pofx brz-css-1xby6ox\" data-brz-custom-id=\"zogvJJPIVNZM\">\n<div class=\"brz-bg\">\n<div class=\"brz-bg-color\"><\/div>\n<\/div>\n<div class=\"brz-container brz-css-7pmn7u brz-css-1mtx6j\">\n<div id=\"\" class=\"brz-css-rcbm6 brz-css-1fqpmvx brz-wrapper\">\n<div class=\"brz-rich-text brz-rich-text__custom brz-css-4ue70a brz-css-r0itxd\" data-brz-custom-id=\"mlBeCqqIsq5Y\">\n<div data-brz-translate-text=\"1\">\n<p class=\"brz-text-xs-justify brz-tp-lg-empty brz-ff-nunito brz-ft-google brz-fs-lg-16 brz-fss-lg-px brz-fw-lg-400 brz-ls-lg-0_5 brz-lh-lg-2 brz-vfw-lg-400 brz-fwdth-lg-100 brz-fsft-lg-0 brz-css-xsBTA\" data-generated-css=\"brz-css-rPTK9\" data-uniq-id=\"qwKvw\"><strong class=\"brz-cp-color6\">En Inspira tenemos amor y pasi\u00f3n por la animaci\u00f3n y disfrutamos cada parte del proceso de realizaci\u00f3n de animaci\u00f3n stop motion.<\/strong><\/p>\n<p class=\"brz-text-xs-justify brz-text-sm-justify brz-fsft-lg-0 brz-fwdth-lg-100 brz-vfw-lg-400 brz-lh-lg-2 brz-ls-lg-0_5 brz-fw-lg-400 brz-fss-lg-px brz-fs-lg-16 brz-ft-google brz-ff-nunito brz-tp-lg-empty brz-css-t5Ads\" data-generated-css=\"brz-css-dQL1z\" data-uniq-id=\"s6B6S\"><span class=\"brz-cp-color6\">We take care of every single detail in the development of a project. From the beautiful work of our&nbsp;concept artists, the modeling of characters in workshop, the building of incredibles sets decorations, and the making of tiny costumes, to the mind-blowing animation techniques, which gives an incredible realism to our projects. It&#8217;s a long and hard process, but when we see the final outcome, it&#8217;s totally worth it!<\/span><\/p>\n<p class=\"brz-text-xs-justify brz-fsft-lg-0 brz-fwdth-lg-100 brz-vfw-lg-400 brz-lh-lg-2 brz-ls-lg-0_5 brz-fw-lg-400 brz-fss-lg-px brz-fs-lg-16 brz-ft-google brz-ff-nunito brz-tp-lg-empty brz-css-jAiZZ\" data-generated-css=\"brz-css-jYGwH\" data-uniq-id=\"sIFgc\"><span class=\"brz-cp-color6\">But let our work speak for itself &#8230;<\/span><\/p>\n<\/div>\n<\/div>\n<\/div>\n<\/div>\n<\/div>\n<\/section>\n<section id=\"3d3fed142f827b709730_sGGJnGcegZLS\" class=\"brz-section brz-css-1lhihbh brz-css-6j22pj\">\n<div class=\"brz-section__content brz-section--boxed brz-css-1cpabce brz-css-8r1wag\" data-brz-custom-id=\"fb2SWjW8bW48\">\n<div class=\"brz-bg\">\n<div class=\"brz-bg-image\"><\/div>\n<div class=\"brz-bg-color\"><\/div>\n<\/div>\n<div class=\"brz-container brz-css-1m3bs7h brz-css-1gtgimv\">\n<div class=\"brz-row__container brz-css-b31bp8 brz-css-pn86wy\" data-brz-custom-id=\"uSKf2wwPWzwo\">\n<div class=\"brz-row brz-css-13ysdjp brz-css-i3rm35 brz-css-1056p7a\">\n<div class=\"brz-columns brz-css-2e7qit brz-css-j6lx0a\" data-brz-custom-id=\"oaQh7hHLSNGd\">\n<div class=\"brz-column__items brz-css-f85z0i brz-css-1op1iam\">\n<div id=\"\" class=\"brz-css-14358kx brz-css-1e6o7fl brz-wrapper\">\n<div class=\"brz-rich-text brz-rich-text__custom brz-css-ykewij brz-css-755tb\" data-brz-custom-id=\"rZyshxRq1UKv\">\n<div data-brz-translate-text=\"1\">\n<p class=\"brz-tp-lg-empty brz-mb-lg-0 brz-fs-lg-50 brz-fss-lg-px brz-fw-lg-700 brz-ls-lg-0_5 brz-lh-lg-1_2 brz-vfw-lg-400 brz-fwdth-lg-100 brz-fsft-lg-0 brz-text-lg-right brz-tp-sm-empty brz-fs-sm-38 brz-fss-sm-px brz-fw-sm-700 brz-ls-sm-0_5 brz-lh-sm-1_2 brz-vfw-sm-400 brz-fwdth-sm-100 brz-fsft-sm-0 brz-fss-xs-px brz-fw-xs-700 brz-ls-xs-0_5 brz-lh-xs-1_2 brz-vfw-xs-400 brz-fwdth-xs-100 brz-fsft-xs-0 brz-ff-nunito brz-ft-google brz-tp-xs-empty brz-fs-xs-30 brz-css-prgHk\" data-generated-css=\"brz-css-hYp8S\" data-uniq-id=\"f9esK\"><strong>\u00a1Empieza tu<\/strong><\/p>\n<p class=\"brz-tp-lg-empty brz-mb-lg-0 brz-fs-lg-50 brz-fss-lg-px brz-fw-lg-700 brz-ls-lg-0_5 brz-lh-lg-1_2 brz-vfw-lg-400 brz-fwdth-lg-100 brz-fsft-lg-0 brz-text-lg-right brz-tp-sm-empty brz-fs-sm-38 brz-fss-sm-px brz-fw-sm-700 brz-ls-sm-0_5 brz-lh-sm-1_2 brz-vfw-sm-400 brz-fwdth-sm-100 brz-fsft-sm-0 brz-fss-xs-px brz-fw-xs-700 brz-ls-xs-0_5 brz-lh-xs-1_2 brz-vfw-xs-400 brz-fwdth-xs-100 brz-fsft-xs-0 brz-ff-nunito brz-ft-google brz-tp-xs-empty brz-fs-xs-30 brz-css-sBPtx\" data-generated-css=\"brz-css-hYp8S\" data-uniq-id=\"f9esK\"><strong>proyecto con nosotros!<\/strong><\/p>\n<\/div>\n<\/div>\n<\/div>\n<div class=\"brz-wrapper-clone brz-flex-xs-wrap brz-css-160vx8s brz-css-ik9y0e\" data-brz-custom-id=\"sNeIoAnrhm5F\"><a class=\"brz-a brz-btn brz-css-1ioamb3 brz-css-19ggi2k brz-css-11liyam brz-css-13klh3k\" href=\"https:\/\/inspiranimation.com\/es\/contact\/\" target=\"_self\" rel=\"noopener\" data-brz-link-type=\"page\" data-brz-custom-id=\"zA27y4jQKnSQ\"><span data-brz-translate-text=\"1\" class=\"brz-span brz-text__editor\">CONTACTA<\/span><\/a><\/div>\n<\/div>\n<\/div>\n<\/div>\n<\/div>\n<\/div>\n<\/div>\n<\/section><\/div>\n<p><!-- version:1763624514 --><\/p>","protected":false},"excerpt":{"rendered":"<p>At Inspira we have love and passion for animation, and we enjoyed every part of the process of making stop motion animation. We take care of every single detail in the development of a project. From the beautiful work of our&nbsp;concept artists, the modeling of characters in workshop, the building of incredibles sets decorations, and&hellip;&nbsp;<a href=\"https:\/\/inspiranimation.com\/es\/showreel\" rel=\"bookmark\"><span class=\"screen-reader-text\">Demoreel<\/span><\/a><\/p>","protected":false},"author":1,"featured_media":0,"parent":0,"menu_order":0,"comment_status":"closed","ping_status":"closed","template":"brizy-blank-template.php","meta":{"neve_meta_sidebar":"","neve_meta_container":"","neve_meta_enable_content_width":"","neve_meta_content_width":0,"neve_meta_title_alignment":"","neve_meta_author_avatar":"","neve_post_elements_order":"","neve_meta_disable_header":"","neve_meta_disable_footer":"","neve_meta_disable_title":"","footnotes":""},"class_list":["post-92","page","type-page","status-publish","hentry"],"brizy_media":[],"_links":{"self":[{"href":"https:\/\/inspiranimation.com\/es\/wp-json\/wp\/v2\/pages\/92","targetHints":{"allow":["GET"]}}],"collection":[{"href":"https:\/\/inspiranimation.com\/es\/wp-json\/wp\/v2\/pages"}],"about":[{"href":"https:\/\/inspiranimation.com\/es\/wp-json\/wp\/v2\/types\/page"}],"author":[{"embeddable":true,"href":"https:\/\/inspiranimation.com\/es\/wp-json\/wp\/v2\/users\/1"}],"replies":[{"embeddable":true,"href":"https:\/\/inspiranimation.com\/es\/wp-json\/wp\/v2\/comments?post=92"}],"version-history":[{"count":30,"href":"https:\/\/inspiranimation.com\/es\/wp-json\/wp\/v2\/pages\/92\/revisions"}],"predecessor-version":[{"id":6196,"href":"https:\/\/inspiranimation.com\/es\/wp-json\/wp\/v2\/pages\/92\/revisions\/6196"}],"wp:attachment":[{"href":"https:\/\/inspiranimation.com\/es\/wp-json\/wp\/v2\/media?parent=92"}],"curies":[{"name":"wp","href":"https:\/\/api.w.org\/{rel}","templated":true}]}}