{"id":6562,"date":"2025-12-17T10:52:22","date_gmt":"2025-12-17T10:52:22","guid":{"rendered":"https:\/\/inspiranimation.com\/legal-notice-eu"},"modified":"2025-12-17T10:52:22","modified_gmt":"2025-12-17T10:52:22","slug":"legal-notice-eu","status":"publish","type":"page","link":"https:\/\/inspiranimation.com\/es\/legal-notice-eu","title":{"rendered":"Legal Notice (EU)"},"content":{"rendered":"<!-- Legal document generated by Complianz | GDPR\/CCPA Cookie Consent https:\/\/wordpress.org\/plugins\/complianz-gdpr -->\n<div id=\"cmplz-document\" class=\"cmplz-document impressum cmplz-document-all\"><p><i>Este aviso legal \/ imprint fue actualizado por \u00faltima vez el diciembre 17, 2025.<\/i><\/p><p class=\"cmplz-subtitle\">El propietario de esta web es:<\/p><p>Inspiranimation SL Limited<br>Calle Federico Chueca 5, 46190<br>Espa\u00f1a<br>Correo electr\u00f3nico:&nbsp;<span class=\"cmplz-obfuscate\">&#105;&#110;&#102;&#111;@<span class=\"cmplz-fmail-domain\">&#101;x&#046;&#099;&#111;m<\/span>insp&#105;r&#097;&#110;i&#109;a&#116;&#105;&#111;n.&#099;&#111;&#109;<\/span><br>N\u00famero de tel\u00e9fono: +34 649 03 55 08<br><\/p><h2>1. General<\/h2><p>No estamos dispuestos ni obligados a participar en procedimientos de resoluci\u00f3n de conflictos ante una junta de arbitraje de consumo.<\/p><h2>2. La siguiente informaci\u00f3n es obligatoria seg\u00fan la legislaci\u00f3n alemana.<\/h2><\/div>","protected":false},"excerpt":{"rendered":"","protected":false},"author":2,"featured_media":0,"parent":0,"menu_order":0,"comment_status":"closed","ping_status":"closed","template":"","meta":{"neve_meta_sidebar":"","neve_meta_container":"","neve_meta_enable_content_width":"","neve_meta_content_width":0,"neve_meta_title_alignment":"","neve_meta_author_avatar":"","neve_post_elements_order":"","neve_meta_disable_header":"","neve_meta_disable_footer":"","neve_meta_disable_title":"","footnotes":""},"class_list":["post-6562","page","type-page","status-publish","hentry"],"brizy_media":[],"_links":{"self":[{"href":"https:\/\/inspiranimation.com\/es\/wp-json\/wp\/v2\/pages\/6562","targetHints":{"allow":["GET"]}}],"collection":[{"href":"https:\/\/inspiranimation.com\/es\/wp-json\/wp\/v2\/pages"}],"about":[{"href":"https:\/\/inspiranimation.com\/es\/wp-json\/wp\/v2\/types\/page"}],"author":[{"embeddable":true,"href":"https:\/\/inspiranimation.com\/es\/wp-json\/wp\/v2\/users\/2"}],"replies":[{"embeddable":true,"href":"https:\/\/inspiranimation.com\/es\/wp-json\/wp\/v2\/comments?post=6562"}],"version-history":[{"count":0,"href":"https:\/\/inspiranimation.com\/es\/wp-json\/wp\/v2\/pages\/6562\/revisions"}],"wp:attachment":[{"href":"https:\/\/inspiranimation.com\/es\/wp-json\/wp\/v2\/media?parent=6562"}],"curies":[{"name":"wp","href":"https:\/\/api.w.org\/{rel}","templated":true}]}}