{"id":127,"date":"2021-12-03T16:34:26","date_gmt":"2021-12-03T16:34:26","guid":{"rendered":"https:\/\/websitebuilder-demo.net\/eladio\/?page_id=127"},"modified":"2026-04-06T21:49:00","modified_gmt":"2026-04-06T21:49:00","slug":"contact","status":"publish","type":"page","link":"https:\/\/inspiranimation.com\/es\/contact","title":{"rendered":"Contacto"},"content":{"rendered":"<div class=\"brz brz-root__container brz-reset-all brz-root__container-page\">\n<section id=\"xaKKvSLv0zFe_xaKKvSLv0zFe\" class=\"brz-section brz-css-d-section brz-css-172fubt\">\n<div class=\"brz-section__content brz-section--boxed brz-css-d-sectionitem-bg brz-css-183t5h3\" data-brz-custom-id=\"vDdcLggwEqQL\">\n<div class=\"brz-bg\">\n<div class=\"brz-bg-image\"><\/div>\n<div class=\"brz-bg-color\"><\/div>\n<\/div>\n<div class=\"brz-container brz-css-d-sectionitem-container brz-css-16itibd\">\n<div id=\"\" class=\"brz-css-d-wrapper brz-css-r-wrapper brz-css-1jip6lf brz-wrapper\">\n<div class=\"brz-spacer brz-css-d-spacer brz-css-lo9ykm\"><\/div>\n<\/div>\n<\/div>\n<\/div>\n<\/section>\n<section id=\"oXdEw0kpQcfF_oXdEw0kpQcfF\" class=\"brz-section brz-css-d-section brz-css-vsox4r\">\n<div class=\"brz-section__content brz-section--boxed brz-css-d-sectionitem-bg brz-css-1ymxe4h\" data-brz-custom-id=\"wpcInGfCybh8\">\n<div class=\"brz-bg\">\n<div class=\"brz-bg-color\"><\/div>\n<\/div>\n<div class=\"brz-container brz-css-d-sectionitem-container brz-css-1wj1jtz\">\n<div id=\"\" class=\"brz-css-d-wrapper brz-css-1mft0z6 brz-wrapper\">\n<div class=\"brz-rich-text brz-rich-text__custom brz-css-d-richtext brz-css-104qyhd\" data-brz-custom-id=\"s8cvnb4VKRDx\">\n<div data-brz-translate-text=\"1\">\n<h2 class=\"brz-fsft-lg-0 brz-fwdth-lg-100 brz-vfw-lg-400 brz-lh-lg-1_2 brz-ls-lg-0_5 brz-fw-lg-400 brz-fss-lg-px brz-fs-lg-56 brz-ft-google brz-ff-knewave brz-tp-lg-empty brz-text-lg-center brz-css-u0OZN\" data-uniq-id=\"aj8JM\" data-generated-css=\"brz-css-cfh28\">LET&#8217;S CHAT!<\/h2>\n<h2 class=\"brz-fsft-lg-0 brz-fwdth-lg-100 brz-vfw-lg-400 brz-lh-lg-1_2 brz-ls-lg-0_5 brz-fw-lg-400 brz-fss-lg-px brz-fs-lg-40 brz-ft-google brz-ff-nunito brz-tp-lg-empty brz-text-lg-center brz-css-n_y4D\" data-uniq-id=\"iXb3x\" data-generated-css=\"brz-css-kpe1k\">Estaremos encantados de saber de ti<\/h2>\n<\/div>\n<\/div>\n<\/div>\n<div id=\"\" class=\"brz-css-d-wrapper brz-css-1mt703a brz-wrapper\">\n<div class=\"brz-rich-text brz-rich-text__custom brz-css-d-richtext brz-css-1iw5sau\" data-brz-custom-id=\"nuSxW9CvFFZ6\">\n<div data-brz-translate-text=\"1\">\n<p class=\"brz-ff-nunito brz-tp-lg-empty brz-fsft-lg-0 brz-fwdth-lg-100 brz-vfw-lg-400 brz-lh-lg-1_5 brz-ls-lg-0 brz-fw-lg-400 brz-fss-lg-px brz-fs-lg-16 brz-ft-google ql-align-justify brz-text-lg-left brz-mb-lg-0 brz-css-nZbbT\" data-uniq-id=\"rxodV\" data-generated-css=\"brz-css-hUOOF\"><span style=\"background-color: transparent\">Inspira se ubica en Valencia, que se encuentra en la costa mediterr\u00e1nea y tiene un clima fant\u00e1stico, una cocina incre\u00edble y gente maravillosa. Nos encantar\u00eda conocer tus proyectos y qu\u00e9 puedes aportar a los nuestros. Ser\u00e1 incre\u00edble animar juntos. <\/span><\/p>\n<p class=\"brz-mb-lg-0 brz-tp-lg-empty brz-text-lg-left brz-ff-nunito brz-fsft-lg-0 brz-fwdth-lg-100 brz-vfw-lg-400 brz-lh-lg-1_5 brz-ls-lg-0 brz-fw-lg-400 brz-fss-lg-px brz-fs-lg-16 brz-ft-google ql-align-justify brz-css-wymom\" data-uniq-id=\"ydazs\" data-generated-css=\"brz-css-iOS4c\"><span style=\"background-color: transparent\"> <\/span><\/p>\n<p class=\"brz-mb-lg-0 brz-tp-lg-empty brz-text-lg-left brz-ff-nunito brz-fsft-lg-0 brz-fwdth-lg-100 brz-vfw-lg-400 brz-lh-lg-1_5 brz-ls-lg-0 brz-fw-lg-400 brz-fss-lg-px brz-fs-lg-16 brz-ft-google ql-align-justify brz-css-tL6yL\" data-uniq-id=\"wBKpO\" data-generated-css=\"brz-css-fEVKM\"><strong style=\"background-color: transparent\">Direcci\u00f3n<\/strong><\/p>\n<p class=\"brz-mb-lg-0 brz-tp-lg-empty brz-text-lg-left brz-ff-nunito brz-fsft-lg-0 brz-fwdth-lg-100 brz-vfw-lg-400 brz-lh-lg-1_5 brz-ls-lg-0 brz-fw-lg-400 brz-fss-lg-px brz-fs-lg-16 brz-ft-google ql-align-justify brz-css-reu4w\" data-uniq-id=\"s6Tol\" data-generated-css=\"brz-css-hflB9\"><span style=\"background-color: transparent\">Calle Ambocadors 33 Pol\u00edgono industrial, sector 13,<\/span><\/p>\n<p class=\"brz-mb-lg-0 brz-tp-lg-empty brz-text-lg-left brz-ff-nunito brz-fsft-lg-0 brz-fwdth-lg-100 brz-vfw-lg-400 brz-lh-lg-1_5 brz-ls-lg-0 brz-fw-lg-400 brz-fss-lg-px brz-fs-lg-16 brz-ft-google ql-align-justify brz-css-ssBAs\" data-uniq-id=\"tBH5J\" data-generated-css=\"brz-css-d3nwT\"><span style=\"background-color: transparent\">46190 Riba-roja de T\u00faria, Valencia.<\/span><\/p>\n<p class=\"brz-mb-lg-0 brz-tp-lg-empty brz-text-lg-left brz-ff-nunito brz-fsft-lg-0 brz-fwdth-lg-100 brz-vfw-lg-400 brz-lh-lg-1_5 brz-ls-lg-0 brz-fw-lg-400 brz-fss-lg-px brz-fs-lg-16 brz-ft-google ql-align-justify brz-css-n4mjf\" data-uniq-id=\"baHPs\" data-generated-css=\"brz-css-irtsp\"><span style=\"background-color: transparent\"> <\/span><\/p>\n<p class=\"brz-mb-lg-0 brz-tp-lg-paragraph brz-text-lg-center brz-css-duXyT\" data-uniq-id=\"bIb79\" data-generated-css=\"brz-css-pNEuh\"><\/p>\n<\/div>\n<\/div>\n<\/div>\n<div class=\"brz-row__container brz-css-d-row-row brz-css-13cmi1j\" data-brz-custom-id=\"umWobn8FkVGS\">\n<div class=\"brz-row brz-css-d-row-container brz-css-r-row-container brz-css-16wqsmd\">\n<div class=\"brz-columns brz-css-d-column-column brz-css-rddvyy\" data-brz-custom-id=\"tXiP5mgIw72S\">\n<div class=\"brz-column__items brz-css-d-column-bg brz-css-x3q6n9\">\n<div id=\"\" class=\"brz-css-d-wrapper brz-css-kzlszx brz-wrapper\">\n<div class=\"brz-map brz-map_styles brz-css-d-map brz-css-nppmed\" data-brz-custom-id=\"srSYDYnMUlvJ\">\n<div class=\"brz-ui-ed-map-content\"><\/div>\n<\/div>\n<\/div>\n<\/div>\n<\/div>\n<div class=\"brz-columns brz-css-d-column-column brz-css-1tcbrpm\" data-brz-custom-id=\"ptf7WZuQoax1\">\n<div class=\"brz-column__items brz-css-d-column-bg brz-css-19grq17\">\n<div id=\"\" class=\"brz-css-d-wrapper brz-css-r8lb52 brz-wrapper\">\n<div data-brz-form-version=\"2\" class=\"brz-forms2 brz-css-d-form2-form brz-css-1n5boci\" data-brz-custom-id=\"iLRZbQUHfEbe\">\n<div data-brz-translate-text=\"1\" class=\"brz-forms2__item brz-css-d-form2fields-fields brz-css-16bt4cw brz-css-d-form2field-field brz-css-h3dbxm\"><label class=\"brz-label brz-forms2__field-label\" for=\"riXgVeTuAwLA_fa1a93ea5f6eef590093\">Nombre<\/label><\/div>\n<div data-brz-translate-text=\"1\" class=\"brz-forms2__item brz-css-d-form2fields-fields brz-css-16bt4cw brz-css-d-form2field-field brz-css-h1iuhq\"><label class=\"brz-label brz-forms2__field-label\" for=\"mAhk9DUBL6ur_0269390e652dd80d4fa7\">Correo<\/label><\/div>\n<div data-brz-translate-text=\"1\" class=\"brz-forms2__item brz-css-d-form2fields-fields brz-css-16bt4cw brz-css-d-form2field-field brz-css-1ohrusk\"><label class=\"brz-label brz-forms2__field-label\" for=\"s6nXGg_8ROwr_2c521468184e743e1436\">Asunto<\/label><\/div>\n<div data-brz-translate-text=\"1\" class=\"brz-forms2__item brz-css-d-form2fields-fields brz-css-16bt4cw brz-css-d-form2field-field brz-css-1sm9bvs\"><label class=\"brz-label brz-forms2__field-label\" for=\"oZAxsHDnuXsp_7a698fdd3d69a6b813f7\">Mensaje<\/label><textarea id=\"oZAxsHDnuXsp_7a698fdd3d69a6b813f7\" name=\"cEncLQqNZcQb\" data-brz-type=\"Paragraph\" data-brz-label=\"Message\" data-brz-placeholder=\"Message\" class=\"brz-textarea brz-forms2__field brz-forms2__field-paragraph\"><\/textarea><\/div>\n<div class=\"brz-forms2 brz-forms2__item brz-forms2__item-button\" data-brz-custom-id=\"iLRZbQUHfEbe\"><button class=\"brz-btn brz-btn-submit brz-css-d-button-bg brz-css-1iaqwt2\" data-brz-custom-id=\"xv5CB8aTUfWm\"><span data-brz-translate-text=\"1\" class=\"brz-span brz-text__editor\">ENVIAR<\/span><\/button><\/div>\n<div class=\"brz-forms2__messages brz-css-d-form2-messages\"><\/div>\n<div class=\"brz-g-recaptcha\" data-sitekey=\"\" data-size=\"invisible\" data-callback=\"brzFormV2Captcha\"><\/div>\n<\/div>\n<\/div>\n<\/div>\n<\/div>\n<\/div>\n<\/div>\n<\/div>\n<\/div>\n<\/section><\/div>\n<p><!-- version:1769085285 --><\/p>","protected":false},"excerpt":{"rendered":"<p>LET&#8217;S CHAT! We will be happy to hear from you Inspira is located in Valencia, which is located in the Mediterranean coast and has fantastic weather, incredible cuisine and wonderful people. We would love to know your projects and what you can contribute to ours. It will be incredible to animate together. Adress Street Ambocadors&hellip;&nbsp;<a href=\"https:\/\/inspiranimation.com\/es\/contact\" rel=\"bookmark\"><span class=\"screen-reader-text\">Contacto<\/span><\/a><\/p>","protected":false},"author":1,"featured_media":0,"parent":0,"menu_order":0,"comment_status":"closed","ping_status":"closed","template":"brizy-blank-template.php","meta":{"neve_meta_sidebar":"","neve_meta_container":"","neve_meta_enable_content_width":"","neve_meta_content_width":0,"neve_meta_title_alignment":"","neve_meta_author_avatar":"","neve_post_elements_order":"","neve_meta_disable_header":"","neve_meta_disable_footer":"","neve_meta_disable_title":"","footnotes":""},"class_list":["post-127","page","type-page","status-publish","hentry"],"brizy_media":[{"id":531,"url":"https:\/\/inspiranimation.com\/wp-content\/uploads\/2024\/05\/Lee.png","name":"Lee.png","meta":{"brizy_attachment_uid":"wp-8945a057c05e255876ece8c1ee9061de.png","brizy_post_uid":["fbcc20d85249a8438bf69f90692fccac","c2bb917c93b498c4e9a7b85e6c20304a"]}},{"id":630,"url":"https:\/\/inspiranimation.com\/wp-content\/uploads\/2024\/05\/Captura-de-Pantalla-2024-05-30-a-las-12.02.07.png","name":"Captura-de-Pantalla-2024-05-30-a-las-12.02.07.png","meta":{"brizy_attachment_uid":"wp-b77a02744301167034c11d02f41dd3d9.png","brizy_post_uid":["c2bb917c93b498c4e9a7b85e6c20304a"]}},{"id":666,"url":"https:\/\/inspiranimation.com\/wp-content\/uploads\/2024\/05\/Captura-de-Pantalla-2024-05-30-a-las-12.50.50.png","name":"Captura-de-Pantalla-2024-05-30-a-las-12.50.50.png","meta":{"brizy_attachment_uid":"wp-3d29e9c4fbb43ae3c4fdeab188812825.png","brizy_post_uid":["c2bb917c93b498c4e9a7b85e6c20304a"]}},{"id":667,"url":"https:\/\/inspiranimation.com\/wp-content\/uploads\/2024\/05\/Dimitri.png","name":"Dimitri.png","meta":{"brizy_attachment_uid":"wp-57d7b06509db042ce0a93bf24145f356.png","brizy_post_uid":["c2bb917c93b498c4e9a7b85e6c20304a"]}},{"id":668,"url":"https:\/\/inspiranimation.com\/wp-content\/uploads\/2024\/05\/Dimitri1.png","name":"Dimitri1.png","meta":{"brizy_attachment_uid":"wp-257f58f8758cf0e0ccdfee5b9799562b.png","brizy_post_uid":["c2bb917c93b498c4e9a7b85e6c20304a","31926c40acd8bcf1a57ae7b4743ea014"]}}],"_links":{"self":[{"href":"https:\/\/inspiranimation.com\/es\/wp-json\/wp\/v2\/pages\/127","targetHints":{"allow":["GET"]}}],"collection":[{"href":"https:\/\/inspiranimation.com\/es\/wp-json\/wp\/v2\/pages"}],"about":[{"href":"https:\/\/inspiranimation.com\/es\/wp-json\/wp\/v2\/types\/page"}],"author":[{"embeddable":true,"href":"https:\/\/inspiranimation.com\/es\/wp-json\/wp\/v2\/users\/1"}],"replies":[{"embeddable":true,"href":"https:\/\/inspiranimation.com\/es\/wp-json\/wp\/v2\/comments?post=127"}],"version-history":[{"count":31,"href":"https:\/\/inspiranimation.com\/es\/wp-json\/wp\/v2\/pages\/127\/revisions"}],"predecessor-version":[{"id":6885,"href":"https:\/\/inspiranimation.com\/es\/wp-json\/wp\/v2\/pages\/127\/revisions\/6885"}],"wp:attachment":[{"href":"https:\/\/inspiranimation.com\/es\/wp-json\/wp\/v2\/media?parent=127"}],"curies":[{"name":"wp","href":"https:\/\/api.w.org\/{rel}","templated":true}]}}